{"id":1157,"date":"2020-07-22T15:52:31","date_gmt":"2020-07-22T14:52:31","guid":{"rendered":"https:\/\/www.silotagus.pt\/?page_id=1157"},"modified":"2025-07-15T15:21:13","modified_gmt":"2025-07-15T14:21:13","slug":"corporate-bodies","status":"publish","type":"page","link":"https:\/\/www.silotagus.pt\/en\/company\/corporate-bodies\/","title":{"rendered":"Silopor Corporate Bodies"},"content":{"rendered":"\t\t<div data-elementor-type=\"wp-page\" data-elementor-id=\"1157\" class=\"elementor elementor-1157 elementor-669\">\n\t\t\t\t\t\t<section class=\"elementor-section elementor-top-section elementor-element elementor-element-1dc160a elementor-section-stretched elementor-section-height-min-height elementor-section-items-stretch yellow-strike-below elementor-section-boxed elementor-section-height-default elementor-invisible\" data-id=\"1dc160a\" data-element_type=\"section\" data-e-type=\"section\" data-settings=\"{&quot;stretch_section&quot;:&quot;section-stretched&quot;,&quot;background_background&quot;:&quot;classic&quot;,&quot;animation&quot;:&quot;fadeIn&quot;}\">\n\t\t\t\t\t\t<div class=\"elementor-container elementor-column-gap-default\">\n\t\t\t\t\t<div class=\"elementor-column elementor-col-100 elementor-top-column elementor-element elementor-element-fd811b0\" data-id=\"fd811b0\" data-element_type=\"column\" data-e-type=\"column\" data-settings=\"{&quot;background_background&quot;:&quot;classic&quot;}\">\n\t\t\t<div class=\"elementor-widget-wrap\">\n\t\t\t\t\t\t\t<\/div>\n\t\t<\/div>\n\t\t\t\t\t<\/div>\n\t\t<\/section>\n\t\t\t\t<section class=\"elementor-section elementor-top-section elementor-element elementor-element-e196e40 elementor-section-boxed elementor-section-height-default elementor-section-height-default\" data-id=\"e196e40\" data-element_type=\"section\" data-e-type=\"section\">\n\t\t\t\t\t\t<div class=\"elementor-container elementor-column-gap-default\">\n\t\t\t\t\t<div class=\"elementor-column elementor-col-100 elementor-top-column elementor-element elementor-element-39148e4\" data-id=\"39148e4\" data-element_type=\"column\" data-e-type=\"column\">\n\t\t\t<div class=\"elementor-widget-wrap elementor-element-populated\">\n\t\t\t\t\t\t<div class=\"elementor-element elementor-element-a4eac43 titulo-instalacoes elementor-widget elementor-widget-heading\" data-id=\"a4eac43\" data-element_type=\"widget\" data-e-type=\"widget\" data-widget_type=\"heading.default\">\n\t\t\t\t<div class=\"elementor-widget-container\">\n\t\t\t\t\t<h1 class=\"elementor-heading-title elementor-size-default\">Silopor Corporate Bodies<\/h1>\t\t\t\t<\/div>\n\t\t\t\t<\/div>\n\t\t\t\t\t<\/div>\n\t\t<\/div>\n\t\t\t\t\t<\/div>\n\t\t<\/section>\n\t\t\t\t<section class=\"elementor-section elementor-top-section elementor-element elementor-element-8b50d46 elementor-section-boxed elementor-section-height-default elementor-section-height-default\" data-id=\"8b50d46\" data-element_type=\"section\" data-e-type=\"section\">\n\t\t\t\t\t\t<div class=\"elementor-container elementor-column-gap-default\">\n\t\t\t\t\t<div class=\"elementor-column elementor-col-100 elementor-top-column elementor-element elementor-element-788b0bd\" data-id=\"788b0bd\" data-element_type=\"column\" data-e-type=\"column\">\n\t\t\t<div class=\"elementor-widget-wrap elementor-element-populated\">\n\t\t\t\t\t\t<div class=\"elementor-element elementor-element-037e4de elementor-widget elementor-widget-text-editor\" data-id=\"037e4de\" data-element_type=\"widget\" data-e-type=\"widget\" data-widget_type=\"text-editor.default\">\n\t\t\t\t<div class=\"elementor-widget-container\">\n\t\t\t\t\t\t\t\t\t<h4>\u00a0<\/h4><h4><span class=\"s1\">\u00a0<\/span><\/h4><h4>BOARD OF DIRECTORS<\/h4><div><span class=\"s1\">\u00a0<\/span><\/div><p class=\"p1\">Chairman:<span style=\"font-size: 16px;\">\u00a0 \u00a0<b>Jos\u00e9 Em\u00edlio Coutinho Garrido Castel-Branco<\/b><\/span><\/p>\t\t\t\t\t\t\t\t<\/div>\n\t\t\t\t<\/div>\n\t\t\t\t<div class=\"elementor-element elementor-element-875858c elementor-icon-list--layout-traditional elementor-list-item-link-full_width elementor-widget elementor-widget-icon-list\" data-id=\"875858c\" data-element_type=\"widget\" data-e-type=\"widget\" data-widget_type=\"icon-list.default\">\n\t\t\t\t<div class=\"elementor-widget-container\">\n\t\t\t\t\t\t\t<ul class=\"elementor-icon-list-items\">\n\t\t\t\t\t\t\t<li class=\"elementor-icon-list-item\">\n\t\t\t\t\t\t\t\t\t\t\t<a href=\"https:\/\/www.silotagus.pt\/wp-content\/uploads\/2025\/03\/cv_josebranco.pdf\" target=\"_blank\">\n\n\t\t\t\t\t\t\t\t\t\t\t\t<span class=\"elementor-icon-list-icon\">\n\t\t\t\t\t\t\t<i aria-hidden=\"true\" class=\"far fa-file-pdf\"><\/i>\t\t\t\t\t\t<\/span>\n\t\t\t\t\t\t\t\t\t\t<span class=\"elementor-icon-list-text\">Curriculum Vitae Jos\u00e9 Castel-Branco<\/span>\n\t\t\t\t\t\t\t\t\t\t\t<\/a>\n\t\t\t\t\t\t\t\t\t<\/li>\n\t\t\t\t\t\t<\/ul>\n\t\t\t\t\t\t<\/div>\n\t\t\t\t<\/div>\n\t\t\t\t\t<\/div>\n\t\t<\/div>\n\t\t\t\t\t<\/div>\n\t\t<\/section>\n\t\t\t\t<section class=\"elementor-section elementor-top-section elementor-element elementor-element-531aa73 elementor-section-boxed elementor-section-height-default elementor-section-height-default\" data-id=\"531aa73\" data-element_type=\"section\" data-e-type=\"section\">\n\t\t\t\t\t\t<div class=\"elementor-container elementor-column-gap-default\">\n\t\t\t\t\t<div class=\"elementor-column elementor-col-100 elementor-top-column elementor-element elementor-element-7e47ad9\" data-id=\"7e47ad9\" data-element_type=\"column\" data-e-type=\"column\">\n\t\t\t<div class=\"elementor-widget-wrap elementor-element-populated\">\n\t\t\t\t\t\t<div class=\"elementor-element elementor-element-3a22e02 elementor-widget elementor-widget-text-editor\" data-id=\"3a22e02\" data-element_type=\"widget\" data-e-type=\"widget\" data-widget_type=\"text-editor.default\">\n\t\t\t\t<div class=\"elementor-widget-container\">\n\t\t\t\t\t\t\t\t\t<h4><span style=\"color: #777777;\"><span style=\"font-size: 16px;\">Member:<\/span><\/span><span style=\"font-weight: 300; font-size: 16px; color: #777777;\">\u00a0 <strong> Maria de F\u00e1tima Sim\u00f5es \u00c9vora<\/strong><\/span><\/h4>\t\t\t\t\t\t\t\t<\/div>\n\t\t\t\t<\/div>\n\t\t\t\t<div class=\"elementor-element elementor-element-7ebdc06 elementor-icon-list--layout-traditional elementor-list-item-link-full_width elementor-widget elementor-widget-icon-list\" data-id=\"7ebdc06\" data-element_type=\"widget\" data-e-type=\"widget\" data-widget_type=\"icon-list.default\">\n\t\t\t\t<div class=\"elementor-widget-container\">\n\t\t\t\t\t\t\t<ul class=\"elementor-icon-list-items\">\n\t\t\t\t\t\t\t<li class=\"elementor-icon-list-item\">\n\t\t\t\t\t\t\t\t\t\t\t<a href=\"https:\/\/www.silotagus.pt\/wp-content\/uploads\/2025\/07\/curriculum-vitae-fatima-evora.pdf\" target=\"_blank\">\n\n\t\t\t\t\t\t\t\t\t\t\t\t<span class=\"elementor-icon-list-icon\">\n\t\t\t\t\t\t\t<i aria-hidden=\"true\" class=\"far fa-file-pdf\"><\/i>\t\t\t\t\t\t<\/span>\n\t\t\t\t\t\t\t\t\t\t<span class=\"elementor-icon-list-text\">Curriculum Vitae F\u00e1tima \u00c9vora<\/span>\n\t\t\t\t\t\t\t\t\t\t\t<\/a>\n\t\t\t\t\t\t\t\t\t<\/li>\n\t\t\t\t\t\t<\/ul>\n\t\t\t\t\t\t<\/div>\n\t\t\t\t<\/div>\n\t\t\t\t\t<\/div>\n\t\t<\/div>\n\t\t\t\t\t<\/div>\n\t\t<\/section>\n\t\t\t\t<section class=\"elementor-section elementor-top-section elementor-element elementor-element-c183167 elementor-section-boxed elementor-section-height-default elementor-section-height-default\" data-id=\"c183167\" data-element_type=\"section\" data-e-type=\"section\">\n\t\t\t\t\t\t<div class=\"elementor-container elementor-column-gap-default\">\n\t\t\t\t\t<div class=\"elementor-column elementor-col-100 elementor-top-column elementor-element elementor-element-b41cde6\" data-id=\"b41cde6\" data-element_type=\"column\" data-e-type=\"column\">\n\t\t\t<div class=\"elementor-widget-wrap elementor-element-populated\">\n\t\t\t\t\t\t<div class=\"elementor-element elementor-element-60c8302 elementor-widget elementor-widget-text-editor\" data-id=\"60c8302\" data-element_type=\"widget\" data-e-type=\"widget\" data-widget_type=\"text-editor.default\">\n\t\t\t\t<div class=\"elementor-widget-container\">\n\t\t\t\t\t\t\t\t\t<h4>\u00a0<\/h4><h4>GENERAL SHAREHOLDERS&#8217; MEETING TABLE<\/h4><p>Chairman:\u00a0 <span class=\"s1\"><strong> Teresa Isabel Carvalho Costa<\/strong><\/span><\/p><p>Secretary:\u00a0 <span class=\"s1\"><strong> Em\u00edlia da Concei\u00e7\u00e3o Guedes Mata<\/strong><\/span><\/p><h4>\u00a0<\/h4><h4>SUPERVISORY AUTHORITY (SINGLE AUDITOR)\u00a0<\/h4><p>Appointed:\u00a0 <span class=\"s1\"><strong> V\u00edtor Almeida &amp; Associados, SROC, LDA, representada por V\u00edtor Manuel Batista de Almeida<\/strong><\/span><\/p><p>Alternate:\u00a0 <span class=\"s1\"><strong> Jo\u00e3o Santos Silva Baptista de Almeida<\/strong><\/span><\/p><p><span style=\"font-size: 16px;\"><b>\u00a0<\/b><\/span><\/p><p><span style=\"font-size: 16px;\"><b>\u00a0<\/b><\/span><\/p>\t\t\t\t\t\t\t\t<\/div>\n\t\t\t\t<\/div>\n\t\t\t\t\t<\/div>\n\t\t<\/div>\n\t\t\t\t\t<\/div>\n\t\t<\/section>\n\t\t\t\t<\/div>\n\t\t","protected":false},"excerpt":{"rendered":"<p>Silopor Corporate Bodies \u00a0 \u00a0 BOARD OF DIRECTORS \u00a0 Chairman:\u00a0 \u00a0Jos\u00e9 Em\u00edlio Coutinho Garrido Castel-Branco Curriculum Vitae Jos\u00e9 Castel-Branco Member:\u00a0 Maria de F\u00e1tima Sim\u00f5es \u00c9vora Curriculum Vitae F\u00e1tima \u00c9vora \u00a0 GENERAL SHAREHOLDERS&#8217; MEETING TABLE Chairman:\u00a0 Teresa Isabel Carvalho Costa Secretary:\u00a0 Em\u00edlia da Concei\u00e7\u00e3o Guedes Mata \u00a0 SUPERVISORY AUTHORITY (SINGLE AUDITOR)\u00a0 Appointed:\u00a0 V\u00edtor Almeida &amp; Associados, [&hellip;]<\/p>\n","protected":false},"author":2,"featured_media":0,"parent":1193,"menu_order":0,"comment_status":"closed","ping_status":"closed","template":"","meta":{"wp_mapbox_gl_js_media":[],"ocean_post_layout":"","ocean_both_sidebars_style":"","ocean_both_sidebars_content_width":0,"ocean_both_sidebars_sidebars_width":0,"ocean_sidebar":"0","ocean_second_sidebar":"0","ocean_disable_margins":"enable","ocean_add_body_class":"","ocean_shortcode_before_top_bar":"","ocean_shortcode_after_top_bar":"","ocean_shortcode_before_header":"","ocean_shortcode_after_header":"","ocean_has_shortcode":"","ocean_shortcode_after_title":"","ocean_shortcode_before_footer_widgets":"","ocean_shortcode_after_footer_widgets":"","ocean_shortcode_before_footer_bottom":"","ocean_shortcode_after_footer_bottom":"","ocean_display_top_bar":"default","ocean_display_header":"default","ocean_header_style":"","ocean_center_header_left_menu":"0","ocean_custom_header_template":"0","ocean_custom_logo":0,"ocean_custom_retina_logo":0,"ocean_custom_logo_max_width":0,"ocean_custom_logo_tablet_max_width":0,"ocean_custom_logo_mobile_max_width":0,"ocean_custom_logo_max_height":0,"ocean_custom_logo_tablet_max_height":0,"ocean_custom_logo_mobile_max_height":0,"ocean_header_custom_menu":"0","ocean_menu_typo_font_family":"0","ocean_menu_typo_font_subset":"","ocean_menu_typo_font_size":0,"ocean_menu_typo_font_size_tablet":0,"ocean_menu_typo_font_size_mobile":0,"ocean_menu_typo_font_size_unit":"px","ocean_menu_typo_font_weight":"","ocean_menu_typo_font_weight_tablet":"","ocean_menu_typo_font_weight_mobile":"","ocean_menu_typo_transform":"","ocean_menu_typo_transform_tablet":"","ocean_menu_typo_transform_mobile":"","ocean_menu_typo_line_height":0,"ocean_menu_typo_line_height_tablet":0,"ocean_menu_typo_line_height_mobile":0,"ocean_menu_typo_line_height_unit":"","ocean_menu_typo_spacing":0,"ocean_menu_typo_spacing_tablet":0,"ocean_menu_typo_spacing_mobile":0,"ocean_menu_typo_spacing_unit":"","ocean_menu_link_color":"","ocean_menu_link_color_hover":"","ocean_menu_link_color_active":"","ocean_menu_link_background":"","ocean_menu_link_hover_background":"","ocean_menu_link_active_background":"","ocean_menu_social_links_bg":"","ocean_menu_social_hover_links_bg":"","ocean_menu_social_links_color":"","ocean_menu_social_hover_links_color":"","ocean_disable_title":"default","ocean_disable_heading":"default","ocean_post_title":"","ocean_post_subheading":"","ocean_post_title_style":"","ocean_post_title_background_color":"","ocean_post_title_background":0,"ocean_post_title_bg_image_position":"","ocean_post_title_bg_image_attachment":"","ocean_post_title_bg_image_repeat":"","ocean_post_title_bg_image_size":"","ocean_post_title_height":0,"ocean_post_title_bg_overlay":0.5,"ocean_post_title_bg_overlay_color":"","ocean_disable_breadcrumbs":"default","ocean_breadcrumbs_color":"","ocean_breadcrumbs_separator_color":"","ocean_breadcrumbs_links_color":"","ocean_breadcrumbs_links_hover_color":"","ocean_display_footer_widgets":"default","ocean_display_footer_bottom":"default","ocean_custom_footer_template":"0","footnotes":""},"class_list":["post-1157","page","type-page","status-publish","hentry","entry"],"yoast_head":"<!-- This site is optimized with the Yoast SEO plugin v27.2 - https:\/\/yoast.com\/product\/yoast-seo-wordpress\/ -->\n<title>Silopor Corporate Bodies - Silotagus (previously Silopor)<\/title>\n<meta name=\"description\" content=\"Silopor Corporate Bodies \u00a0\u00a0BOARD OF DIRECTORS\u00a0Chairman:\u00a0 \u00a0Jos\u00e9 Em\u00edlio Coutinho Garrido Castel-Branco Curriculum Vitae Jos\u00e9 Castel-Branco Member:\u00a0 Maria de\" \/>\n<meta name=\"robots\" content=\"index, follow, max-snippet:-1, max-image-preview:large, max-video-preview:-1\" \/>\n<link rel=\"canonical\" href=\"https:\/\/www.silotagus.pt\/empresa\/institucional\/orgaos-sociais\/\" \/>\n<meta property=\"og:locale\" content=\"en_US\" \/>\n<meta property=\"og:type\" content=\"article\" \/>\n<meta property=\"og:title\" content=\"Silopor Corporate Bodies - Silotagus (previously Silopor)\" \/>\n<meta property=\"og:description\" content=\"Silopor Corporate Bodies \u00a0\u00a0BOARD OF DIRECTORS\u00a0Chairman:\u00a0 \u00a0Jos\u00e9 Em\u00edlio Coutinho Garrido Castel-Branco Curriculum Vitae Jos\u00e9 Castel-Branco Member:\u00a0 Maria de\" \/>\n<meta property=\"og:url\" content=\"https:\/\/www.silotagus.pt\/empresa\/institucional\/orgaos-sociais\/\" \/>\n<meta property=\"og:site_name\" content=\"Silotagus (previously Silopor)\" \/>\n<meta property=\"article:modified_time\" content=\"2025-07-15T14:21:13+00:00\" \/>\n<meta property=\"og:image\" content=\"https:\/\/www.silotagus.pt\/wp-content\/uploads\/2020\/07\/silopor_open_graph_facebook.jpg\" \/>\n\t<meta property=\"og:image:width\" content=\"2400\" \/>\n\t<meta property=\"og:image:height\" content=\"1260\" \/>\n\t<meta property=\"og:image:type\" content=\"image\/jpeg\" \/>\n<meta name=\"twitter:card\" content=\"summary_large_image\" \/>\n<meta name=\"twitter:label1\" content=\"Est. reading time\" \/>\n\t<meta name=\"twitter:data1\" content=\"1 minute\" \/>\n<script type=\"application\/ld+json\" class=\"yoast-schema-graph\">{\"@context\":\"https:\/\/schema.org\",\"@graph\":[{\"@type\":\"WebPage\",\"@id\":\"https:\/\/www.silotagus.pt\/empresa\/institucional\/orgaos-sociais\/\",\"url\":\"https:\/\/www.silotagus.pt\/empresa\/institucional\/orgaos-sociais\/\",\"name\":\"Silopor Corporate Bodies - Silotagus (previously Silopor)\",\"isPartOf\":{\"@id\":\"https:\/\/www.silotagus.pt\/#website\"},\"datePublished\":\"2020-07-22T14:52:31+00:00\",\"dateModified\":\"2025-07-15T14:21:13+00:00\",\"description\":\"Silopor Corporate Bodies \u00a0\u00a0BOARD OF DIRECTORS\u00a0Chairman:\u00a0 \u00a0Jos\u00e9 Em\u00edlio Coutinho Garrido Castel-Branco Curriculum Vitae Jos\u00e9 Castel-Branco Member:\u00a0 Maria de\",\"breadcrumb\":{\"@id\":\"https:\/\/www.silotagus.pt\/empresa\/institucional\/orgaos-sociais\/#breadcrumb\"},\"inLanguage\":\"en-US\",\"potentialAction\":[{\"@type\":\"ReadAction\",\"target\":[\"https:\/\/www.silotagus.pt\/empresa\/institucional\/orgaos-sociais\/\"]}]},{\"@type\":\"BreadcrumbList\",\"@id\":\"https:\/\/www.silotagus.pt\/empresa\/institucional\/orgaos-sociais\/#breadcrumb\",\"itemListElement\":[{\"@type\":\"ListItem\",\"position\":1,\"name\":\"Home\",\"item\":\"https:\/\/www.silotagus.pt\/en\/\"},{\"@type\":\"ListItem\",\"position\":2,\"name\":\"Company\",\"item\":\"https:\/\/www.silotagus.pt\/en\/company\/\"},{\"@type\":\"ListItem\",\"position\":3,\"name\":\"Institucional\",\"item\":\"https:\/\/www.silotagus.pt\/en\/company\/institucional\/\"},{\"@type\":\"ListItem\",\"position\":4,\"name\":\"Silopor Corporate Bodies\"}]},{\"@type\":\"WebSite\",\"@id\":\"https:\/\/www.silotagus.pt\/#website\",\"url\":\"https:\/\/www.silotagus.pt\/\",\"name\":\"Silotagus (previously Silopor)\",\"description\":\"Port Silos Company\",\"publisher\":{\"@id\":\"https:\/\/www.silotagus.pt\/#organization\"},\"potentialAction\":[{\"@type\":\"SearchAction\",\"target\":{\"@type\":\"EntryPoint\",\"urlTemplate\":\"https:\/\/www.silotagus.pt\/?s={search_term_string}\"},\"query-input\":{\"@type\":\"PropertyValueSpecification\",\"valueRequired\":true,\"valueName\":\"search_term_string\"}}],\"inLanguage\":\"en-US\"},{\"@type\":\"Organization\",\"@id\":\"https:\/\/www.silotagus.pt\/#organization\",\"name\":\"Silopor\",\"url\":\"https:\/\/www.silotagus.pt\/\",\"logo\":{\"@type\":\"ImageObject\",\"inLanguage\":\"en-US\",\"@id\":\"https:\/\/www.silotagus.pt\/#\/schema\/logo\/image\/\",\"url\":\"https:\/\/www.silotagus.pt\/wp-content\/uploads\/2025\/06\/silotagus-logo.png\",\"contentUrl\":\"https:\/\/www.silotagus.pt\/wp-content\/uploads\/2025\/06\/silotagus-logo.png\",\"width\":1769,\"height\":481,\"caption\":\"Silopor\"},\"image\":{\"@id\":\"https:\/\/www.silotagus.pt\/#\/schema\/logo\/image\/\"}}]}<\/script>\n<!-- \/ Yoast SEO plugin. -->","yoast_head_json":{"title":"Silopor Corporate Bodies - Silotagus (previously Silopor)","description":"Silopor Corporate Bodies \u00a0\u00a0BOARD OF DIRECTORS\u00a0Chairman:\u00a0 \u00a0Jos\u00e9 Em\u00edlio Coutinho Garrido Castel-Branco Curriculum Vitae Jos\u00e9 Castel-Branco Member:\u00a0 Maria de","robots":{"index":"index","follow":"follow","max-snippet":"max-snippet:-1","max-image-preview":"max-image-preview:large","max-video-preview":"max-video-preview:-1"},"canonical":"https:\/\/www.silotagus.pt\/empresa\/institucional\/orgaos-sociais\/","og_locale":"en_US","og_type":"article","og_title":"Silopor Corporate Bodies - Silotagus (previously Silopor)","og_description":"Silopor Corporate Bodies \u00a0\u00a0BOARD OF DIRECTORS\u00a0Chairman:\u00a0 \u00a0Jos\u00e9 Em\u00edlio Coutinho Garrido Castel-Branco Curriculum Vitae Jos\u00e9 Castel-Branco Member:\u00a0 Maria de","og_url":"https:\/\/www.silotagus.pt\/empresa\/institucional\/orgaos-sociais\/","og_site_name":"Silotagus (previously Silopor)","article_modified_time":"2025-07-15T14:21:13+00:00","og_image":[{"width":2400,"height":1260,"url":"https:\/\/www.silotagus.pt\/wp-content\/uploads\/2020\/07\/silopor_open_graph_facebook.jpg","type":"image\/jpeg"}],"twitter_card":"summary_large_image","twitter_misc":{"Est. reading time":"1 minute"},"schema":{"@context":"https:\/\/schema.org","@graph":[{"@type":"WebPage","@id":"https:\/\/www.silotagus.pt\/empresa\/institucional\/orgaos-sociais\/","url":"https:\/\/www.silotagus.pt\/empresa\/institucional\/orgaos-sociais\/","name":"Silopor Corporate Bodies - Silotagus (previously Silopor)","isPartOf":{"@id":"https:\/\/www.silotagus.pt\/#website"},"datePublished":"2020-07-22T14:52:31+00:00","dateModified":"2025-07-15T14:21:13+00:00","description":"Silopor Corporate Bodies \u00a0\u00a0BOARD OF DIRECTORS\u00a0Chairman:\u00a0 \u00a0Jos\u00e9 Em\u00edlio Coutinho Garrido Castel-Branco Curriculum Vitae Jos\u00e9 Castel-Branco Member:\u00a0 Maria de","breadcrumb":{"@id":"https:\/\/www.silotagus.pt\/empresa\/institucional\/orgaos-sociais\/#breadcrumb"},"inLanguage":"en-US","potentialAction":[{"@type":"ReadAction","target":["https:\/\/www.silotagus.pt\/empresa\/institucional\/orgaos-sociais\/"]}]},{"@type":"BreadcrumbList","@id":"https:\/\/www.silotagus.pt\/empresa\/institucional\/orgaos-sociais\/#breadcrumb","itemListElement":[{"@type":"ListItem","position":1,"name":"Home","item":"https:\/\/www.silotagus.pt\/en\/"},{"@type":"ListItem","position":2,"name":"Company","item":"https:\/\/www.silotagus.pt\/en\/company\/"},{"@type":"ListItem","position":3,"name":"Institucional","item":"https:\/\/www.silotagus.pt\/en\/company\/institucional\/"},{"@type":"ListItem","position":4,"name":"Silopor Corporate Bodies"}]},{"@type":"WebSite","@id":"https:\/\/www.silotagus.pt\/#website","url":"https:\/\/www.silotagus.pt\/","name":"Silotagus (previously Silopor)","description":"Port Silos Company","publisher":{"@id":"https:\/\/www.silotagus.pt\/#organization"},"potentialAction":[{"@type":"SearchAction","target":{"@type":"EntryPoint","urlTemplate":"https:\/\/www.silotagus.pt\/?s={search_term_string}"},"query-input":{"@type":"PropertyValueSpecification","valueRequired":true,"valueName":"search_term_string"}}],"inLanguage":"en-US"},{"@type":"Organization","@id":"https:\/\/www.silotagus.pt\/#organization","name":"Silopor","url":"https:\/\/www.silotagus.pt\/","logo":{"@type":"ImageObject","inLanguage":"en-US","@id":"https:\/\/www.silotagus.pt\/#\/schema\/logo\/image\/","url":"https:\/\/www.silotagus.pt\/wp-content\/uploads\/2025\/06\/silotagus-logo.png","contentUrl":"https:\/\/www.silotagus.pt\/wp-content\/uploads\/2025\/06\/silotagus-logo.png","width":1769,"height":481,"caption":"Silopor"},"image":{"@id":"https:\/\/www.silotagus.pt\/#\/schema\/logo\/image\/"}}]}},"_links":{"self":[{"href":"https:\/\/www.silotagus.pt\/en\/wp-json\/wp\/v2\/pages\/1157","targetHints":{"allow":["GET"]}}],"collection":[{"href":"https:\/\/www.silotagus.pt\/en\/wp-json\/wp\/v2\/pages"}],"about":[{"href":"https:\/\/www.silotagus.pt\/en\/wp-json\/wp\/v2\/types\/page"}],"author":[{"embeddable":true,"href":"https:\/\/www.silotagus.pt\/en\/wp-json\/wp\/v2\/users\/2"}],"replies":[{"embeddable":true,"href":"https:\/\/www.silotagus.pt\/en\/wp-json\/wp\/v2\/comments?post=1157"}],"version-history":[{"count":2,"href":"https:\/\/www.silotagus.pt\/en\/wp-json\/wp\/v2\/pages\/1157\/revisions"}],"predecessor-version":[{"id":2877,"href":"https:\/\/www.silotagus.pt\/en\/wp-json\/wp\/v2\/pages\/1157\/revisions\/2877"}],"up":[{"embeddable":true,"href":"https:\/\/www.silotagus.pt\/en\/wp-json\/wp\/v2\/pages\/1193"}],"wp:attachment":[{"href":"https:\/\/www.silotagus.pt\/en\/wp-json\/wp\/v2\/media?parent=1157"}],"curies":[{"name":"wp","href":"https:\/\/api.w.org\/{rel}","templated":true}]}}